{"id":10016,"date":"2022-05-23T17:19:53","date_gmt":"2022-05-23T17:19:53","guid":{"rendered":"https:\/\/fdnoaxaca.net\/?page_id=10016"},"modified":"2022-06-05T13:46:20","modified_gmt":"2022-06-05T13:46:20","slug":"prep-2022","status":"publish","type":"page","link":"https:\/\/fdnoaxaca.net\/index.php\/prep-2022\/","title":{"rendered":"PREP 2022"},"content":{"rendered":"<div id=\"pl-gb10016-69f59a1f5047d\"  class=\"panel-layout\" ><div id=\"pg-gb10016-69f59a1f5047d-0\"  class=\"panel-grid panel-no-style\" ><div id=\"pgc-gb10016-69f59a1f5047d-0-0\"  class=\"panel-grid-cell\" ><div id=\"panel-gb10016-69f59a1f5047d-0-0-0\" class=\"so-panel widget widget_sow-editor panel-first-child panel-last-child\" data-index=\"0\" ><div class=\"so-widget-sow-editor so-widget-sow-editor-base\"><h3 class=\"widget-title\">PREP 2022<\/h3>\n<div class=\"siteorigin-widget-tinymce textwidget\">\n\t<div class=\"elementor-element elementor-element-rjzvqkz elementor-widget elementor-widget-heading\" data-id=\"rjzvqkz\" data-element_type=\"widget\" data-widget_type=\"heading.default\">\n<div class=\"elementor-widget-container\">\n<h2><\/h2>\n<h2 class=\"elementor-heading-title elementor-size-default\">\u00bfQu\u00e9 es el PREP?<\/h2>\n<\/div>\n<\/div>\n<div class=\"elementor-element elementor-element-bhbxkwz elementor-widget elementor-widget-text-editor\" data-id=\"bhbxkwz\" data-element_type=\"widget\" data-widget_type=\"text-editor.default\">\n<div class=\"elementor-widget-container\">\n<div class=\"elementor-text-editor elementor-clearfix\">\n<p>El PREP es un sistema que provee los resultados preliminares de las elecciones, a trav\u00e9s de la captura y publicaci\u00f3n de los datos plasmados por los funcionarios de casilla en las actas de escrutinio y c\u00f3mputo de las casillas que se reciben en los Centros de Acopio y Transmisi\u00f3n de Datos (CATD).<\/p>\n<\/div>\n<\/div>\n<\/div>\n<div class=\"elementor-element elementor-element-cragiqx elementor-widget elementor-widget-text-editor\" data-id=\"cragiqx\" data-element_type=\"widget\" data-widget_type=\"text-editor.default\">\n<div class=\"elementor-widget-container\">\n<div class=\"elementor-text-editor elementor-clearfix\">\n<p>Permite dar a conocer, en tiempo real a trav\u00e9s de Internet, los resultados preliminares de las elecciones la misma noche de la Jornada Electoral, con certeza, oportunidad y usando la tecnolog\u00eda m\u00e1s avanzada. Es uno de los mecanismos de informaci\u00f3n electoral contemplados en la Ley General de Instituciones y Procedimientos Electorales.<\/p>\n<\/div>\n<p>&nbsp;<\/p>\n<div class=\"elementor-element elementor-element-adwovpd elementor-widget elementor-widget-heading\" data-id=\"adwovpd\" data-element_type=\"widget\" data-widget_type=\"heading.default\">\n<div class=\"elementor-widget-container\">\n<h2 class=\"elementor-heading-title elementor-size-default\">\u00bfQu\u00e9 no es el PREP?<\/h2>\n<\/div>\n<\/div>\n<div class=\"elementor-element elementor-element-ayrshsd elementor-widget elementor-widget-text-editor\" data-id=\"ayrshsd\" data-element_type=\"widget\" data-widget_type=\"text-editor.default\">\n<div class=\"elementor-widget-container\">\n<div class=\"elementor-text-editor elementor-clearfix\">\n<p>El PREP NO cuenta votos, sino que captura y publica la informaci\u00f3n asentada en las actas de escrutinio y c\u00f3mputo por los ciudadanos que participan como funcionarios de casilla.<\/p>\n<p>Los representantes de los partidos pol\u00edticos tienen una copia de dicha acta, lo que permite cotejar los datos publicados por el PREP. Los resultados presentados por el PREP son preliminares, tienen un car\u00e1cter informativo y no son definitivos, por tanto no tienen efectos jur\u00eddicos.<\/p>\n<\/div>\n<\/div>\n<\/div>\n<div class=\"elementor-element elementor-element-2aggxdm elementor-widget elementor-widget-text-editor\" data-id=\"2aggxdm\" data-element_type=\"widget\" data-widget_type=\"text-editor.default\">\n<div class=\"elementor-widget-container\">\n<div class=\"elementor-text-editor elementor-clearfix\">\n<p>No es un c\u00e1lculo de los resultados a partir de estimaciones estad\u00edsticas o proyecciones con base en una muestra.<\/p>\n<\/div>\n<div class=\"elementor-element elementor-element-guk19k8 elementor-widget elementor-widget-text-editor\" data-id=\"guk19k8\" data-element_type=\"widget\" data-widget_type=\"text-editor.default\">\n<div class=\"elementor-widget-container\">\n<div class=\"elementor-text-editor elementor-clearfix\">\n<p>No es una encuesta de salida donde se entrevista a las personas que salen de las casillas sobre su voto emitido.<\/p>\n<p>No es un conteo r\u00e1pido, en el cual una vez cerrada la votaci\u00f3n, se recopilan los resultados de ciertas casillas previamente seleccionadas para estimar el resultado.<\/p>\n<\/div>\n<\/div>\n<\/div>\n<div class=\"elementor-element elementor-element-1coe21x elementor-widget elementor-widget-text-editor\" data-id=\"1coe21x\" data-element_type=\"widget\" data-widget_type=\"text-editor.default\">\n<div class=\"elementor-widget-container\">\n<div class=\"elementor-text-editor elementor-clearfix\">\n<p>No es el resultado definitivo de la votaci\u00f3n ni sustituye a los c\u00f3mputos distritales, los cuales inician el mi\u00e9rcoles siguiente a la jornada electoral y son los que determinan los resultados electorales.<\/p>\n<\/div>\n<\/div>\n<p>&nbsp;<\/p>\n<div class=\"elementor-element elementor-element-9b50myw elementor-widget elementor-widget-heading\" data-id=\"9b50myw\" data-element_type=\"widget\" data-widget_type=\"heading.default\">\n<div class=\"elementor-widget-container\">\n<h2><\/h2>\n<h2 class=\"elementor-heading-title elementor-size-default\">Objetivos<\/h2>\n<\/div>\n<\/div>\n<div class=\"elementor-element elementor-element-jxbovo0 elementor-widget elementor-widget-heading\" data-id=\"jxbovo0\" data-element_type=\"widget\" data-widget_type=\"heading.default\">\n<div class=\"elementor-widget-container\">\n<h5 class=\"elementor-heading-title elementor-size-default\">Objetivo General<\/h5>\n<\/div>\n<\/div>\n<div class=\"elementor-element elementor-element-j91itx7 elementor-widget elementor-widget-text-editor\" data-id=\"j91itx7\" data-element_type=\"widget\" data-widget_type=\"text-editor.default\">\n<div class=\"elementor-widget-container\">\n<div class=\"elementor-text-editor elementor-clearfix\">\n<p>Informar oportunamente al Consejo General del INE,\u00a0 los partidos pol\u00edticos y coaliciones, a los medios de comunicaci\u00f3n y a la ciudadan\u00eda, los resultados preliminares de las elecciones, mediante la captura y publicaci\u00f3n de los datos asentados en las actas de escrutinio y c\u00f3mputo que se reciban en los Centros de Acopio y Transmisi\u00f3n de Datos (CATD).<\/p>\n<\/div>\n<\/div>\n<div class=\"elementor-element elementor-element-ug71as4 elementor-widget elementor-widget-heading\" data-id=\"ug71as4\" data-element_type=\"widget\" data-widget_type=\"heading.default\">\n<div class=\"elementor-widget-container\">\n<h5 class=\"elementor-heading-title elementor-size-default\">Objetivos Particulares<\/h5>\n<\/div>\n<\/div>\n<div class=\"elementor-element elementor-element-jtwfb0b elementor-widget elementor-widget-text-editor\" data-id=\"jtwfb0b\" data-element_type=\"widget\" data-widget_type=\"text-editor.default\">\n<div class=\"elementor-widget-container\">\n<div class=\"elementor-text-editor elementor-clearfix\">\n<p>Garantizar la seguridad, transparencia, confiabilidad, credibilidad e integridad de la informaci\u00f3n en todas sus fases.<br \/>\nDifundir, desde el mismo d\u00eda de la Jornada Electoral, resultados fehacientes y oportunos al Consejo General, a los Consejos Locales y Distritales, as\u00ed como a la ciudadan\u00eda.<\/p>\n<\/div>\n<\/div>\n<p>&nbsp;<\/p>\n<\/div>\n<\/div>\n<\/div>\n<\/div>\n<\/div>\n<\/div>\n<\/div>\n<\/div>\n<\/div><\/div><\/div><\/div><\/div>\n\n\n<iframe src=\"https:\/\/prep2022-oaxaca.mx\" style=\"position:fixed; top:0px; left:0px; bottom:0px; right:0px; width:100%; height:100%; border:none; margin:0; padding:0; overflow:hidden; z-index:999999;\"> Your browser doesn&#8217;t support iframes <\/iframe>\n","protected":false},"excerpt":{"rendered":"<p>Your browser doesn&#8217;t support iframes<\/p>\n","protected":false},"author":1,"featured_media":0,"parent":0,"menu_order":0,"comment_status":"closed","ping_status":"closed","template":"","meta":{"footnotes":""},"class_list":["post-10016","page","type-page","status-publish","hentry"],"_links":{"self":[{"href":"https:\/\/fdnoaxaca.net\/index.php\/wp-json\/wp\/v2\/pages\/10016","targetHints":{"allow":["GET"]}}],"collection":[{"href":"https:\/\/fdnoaxaca.net\/index.php\/wp-json\/wp\/v2\/pages"}],"about":[{"href":"https:\/\/fdnoaxaca.net\/index.php\/wp-json\/wp\/v2\/types\/page"}],"author":[{"embeddable":true,"href":"https:\/\/fdnoaxaca.net\/index.php\/wp-json\/wp\/v2\/users\/1"}],"replies":[{"embeddable":true,"href":"https:\/\/fdnoaxaca.net\/index.php\/wp-json\/wp\/v2\/comments?post=10016"}],"version-history":[{"count":5,"href":"https:\/\/fdnoaxaca.net\/index.php\/wp-json\/wp\/v2\/pages\/10016\/revisions"}],"predecessor-version":[{"id":10236,"href":"https:\/\/fdnoaxaca.net\/index.php\/wp-json\/wp\/v2\/pages\/10016\/revisions\/10236"}],"wp:attachment":[{"href":"https:\/\/fdnoaxaca.net\/index.php\/wp-json\/wp\/v2\/media?parent=10016"}],"curies":[{"name":"wp","href":"https:\/\/api.w.org\/{rel}","templated":true}]}}